{"id":2322,"date":"2024-09-18T20:00:28","date_gmt":"2024-09-18T20:00:28","guid":{"rendered":"https:\/\/canadianbearings.com\/code-of-conduct\/"},"modified":"2026-02-23T18:37:03","modified_gmt":"2026-02-23T18:37:03","slug":"code-of-conduct","status":"publish","type":"page","link":"https:\/\/canadianbearings.com\/fr\/code-of-conduct\/","title":{"rendered":"Code de conduite"},"content":{"rendered":"\t\t<div data-elementor-type=\"wp-page\" data-elementor-id=\"2322\" class=\"elementor elementor-2322 elementor-1684\" data-elementor-post-type=\"page\">\n\t\t\t\t<div class=\"elementor-element elementor-element-e84c732 e-flex e-con-boxed e-con e-parent\" data-id=\"e84c732\" data-element_type=\"container\" data-e-type=\"container\" data-settings=\"{&quot;background_background&quot;:&quot;classic&quot;}\">\n\t\t\t\t\t<div class=\"e-con-inner\">\n\t\t<div class=\"elementor-element elementor-element-1ff7c22 e-grid e-con-full e-con e-child\" data-id=\"1ff7c22\" data-element_type=\"container\" data-e-type=\"container\">\n\t\t<div class=\"elementor-element elementor-element-1941a3d e-flex e-con-boxed e-con e-child\" data-id=\"1941a3d\" data-element_type=\"container\" data-e-type=\"container\">\n\t\t\t\t\t<div class=\"e-con-inner\">\n\t\t<div class=\"elementor-element elementor-element-1139d22 e-flex e-con-boxed e-con e-child\" data-id=\"1139d22\" data-element_type=\"container\" data-e-type=\"container\">\n\t\t\t\t\t<div class=\"e-con-inner\">\n\t\t\t\t<div class=\"elementor-element elementor-element-5da1a4a elementor-widget elementor-widget-text-editor\" data-id=\"5da1a4a\" data-element_type=\"widget\" data-e-type=\"widget\" data-widget_type=\"text-editor.default\">\n\t\t\t\t<div class=\"elementor-widget-container\">\n\t\t\t\t\t\t\t\t\t<div class=\"breadcrumbbox\"><span><span><a href=\"https:\/\/canadianbearings.com\/fr\/\">Accueil<\/a><\/span><\/span><\/div>\t\t\t\t\t\t\t\t<\/div>\n\t\t\t\t<\/div>\n\t\t\t\t\t<\/div>\n\t\t\t\t<\/div>\n\t\t\t\t<div class=\"elementor-element elementor-element-66ef725 elementor-widget elementor-widget-heading\" data-id=\"66ef725\" data-element_type=\"widget\" data-e-type=\"widget\" data-widget_type=\"heading.default\">\n\t\t\t\t<div class=\"elementor-widget-container\">\n\t\t\t\t\t<h2 class=\"elementor-heading-title elementor-size-default\">Code de conduite<\/h2>\t\t\t\t<\/div>\n\t\t\t\t<\/div>\n\t\t\t\t<div class=\"elementor-element elementor-element-7ba5868 elementor-widget elementor-widget-text-editor\" data-id=\"7ba5868\" data-element_type=\"widget\" data-e-type=\"widget\" data-widget_type=\"text-editor.default\">\n\t\t\t\t<div class=\"elementor-widget-container\">\n\t\t\t\t\t\t\t\t\t<p>CB s&rsquo;engage \u00e0 mener ses activit\u00e9s avec int\u00e9grit\u00e9, respect et responsabilit\u00e9 sociale. Ce code d\u00e9crit les principes destin\u00e9s aux employ\u00e9s, aux fournisseurs et aux partenaires commerciaux.<\/p>\t\t\t\t\t\t\t\t<\/div>\n\t\t\t\t<\/div>\n\t\t\t\t\t<\/div>\n\t\t\t\t<\/div>\n\t\t<div class=\"elementor-element elementor-element-323b3e5 e-con-full e-flex e-con e-child\" data-id=\"323b3e5\" data-element_type=\"container\" data-e-type=\"container\">\n\t\t\t\t<\/div>\n\t\t\t\t<\/div>\n\t\t\t\t\t<\/div>\n\t\t\t\t<\/div>\n\t\t<div class=\"elementor-element elementor-element-f174b60 e-flex e-con-boxed e-con e-parent\" data-id=\"f174b60\" data-element_type=\"container\" data-e-type=\"container\">\n\t\t\t\t\t<div class=\"e-con-inner\">\n\t\t\t\t<div class=\"elementor-element elementor-element-8a3e937 elementor-widget elementor-widget-text-editor\" data-id=\"8a3e937\" data-element_type=\"widget\" data-e-type=\"widget\" data-widget_type=\"text-editor.default\">\n\t\t\t\t<div class=\"elementor-widget-container\">\n\t\t\t\t\t\t\t\t\t<h5>1. Introduction<\/h5><p>Canadian Bearings est un distributeur de premier plan de roulements, de transmission de puissance, de contr\u00f4le des mouvements, de courroies et de composants de convoyeurs. Nous servons des clients de toutes tailles dans diverses industries. Notre engagement est de mener nos activit\u00e9s avec int\u00e9grit\u00e9, respect et responsabilit\u00e9 sociale. Ce Code de conduite \u00e9nonce les principes et les directives auxquels tous les employ\u00e9s, fournisseurs et partenaires commerciaux doivent adh\u00e9rer.<\/p><h5>2. Droits de l&rsquo;homme et droits du travail<\/h5><p>Canadian Bearings s&rsquo;engage \u00e0 respecter les initiatives f\u00e9d\u00e9rales, locales et mondiales concernant les droits de l&rsquo;homme et du travail. Ces initiatives incluent, entre autres<\/p><ul class=\"list-group list-group-flush\"><li class=\"list-group-item d-flex border border-0\">\u2022 \u00a0Les Principes directeurs des Nations Unies relatifs aux entreprises et aux droits de l&rsquo;homme, en particulier l&rsquo;alignement sur le cadre \u00ab Prot\u00e9ger, Respecter et R\u00e9parer<\/li><li class=\"list-group-item d-flex border border-0\">\u2022 \u00a0La D\u00e9claration internationale des droits de l&rsquo;homme et la D\u00e9claration de l&rsquo;OIT sur les principes et droits fondamentaux au travail<\/li><\/ul><h5>2.1. Droits de l&rsquo;homme<\/h5><ul class=\"list-group list-group-flush \"><li class=\"list-group-item d-flex border border-0\">\u2022 \u00a0Nous respectons et d\u00e9fendons la D\u00e9claration universelle des droits de l&rsquo;homme pour tous, ind\u00e9pendamment de la race, du genre, de la religion ou de la nationalit\u00e9.<\/li><li class=\"list-group-item d-flex border border-0\">\u2022 \u00a0Toute forme de discrimination, de harc\u00e8lement et de violation des droits de l&rsquo;homme est strictement interdite.<\/li><li class=\"list-group-item d-flex border border-0\">\u2022\u00a0\u00a0Nous attendons de nos fournisseurs qu&rsquo;ils soutiennent et respectent les droits de l&rsquo;homme, la diversit\u00e9 et l&rsquo;\u00e9galit\u00e9 des chances au sein du lieu de travail. Les fournisseurs doivent veiller \u00e0 ce que toutes les pratiques de travail, les paiements de salaires et les avantages respectent les lois et r\u00e9glementations applicables.<\/li><\/ul><h5>2.2. Droits du travail<\/h5><ul class=\"list-group list-group-flush\"><li class=\"list-group-item d-flex border border-0\">\u2022 \u00a0Nous nous conformons \u00e0 toutes les lois et r\u00e9glementations du travail applicables.<\/li><li class=\"list-group-item d-flex\">\u2022 \u00a0Les employ\u00e9s ont le droit \u00e0 des salaires \u00e9quitables, \u00e0 des conditions de travail s\u00fbres et \u00e0 la libert\u00e9 d&rsquo;association<\/li><\/ul><h5>2.3. Interdiction du travail des enfants<\/h5><ul class=\"list-group list-group-flush\"><li class=\"list-group-item d-flex border border-0\">\u2022 \u00a0Nous interdisons strictement l&rsquo;utilisation du travail des enfants sous toutes ses formes au sein de nos op\u00e9rations, de notre cha\u00eene d&rsquo;approvisionnement ou de nos relations commerciales.<\/li><li class=\"list-group-item d-flex border border-0\">\u2022 \u00a0Nous reconnaissons l&rsquo;importance de prot\u00e9ger les droits des enfants et d&rsquo;assurer leur bien-\u00eatre.<\/li><\/ul><h5>2.3.1 Responsabilit\u00e9s<\/h5><p>Employ\u00e9s<\/p><ul class=\"list-group list-group-flush\"><li class=\"list-group-item d-flex border border-0\">\u2022 \u00a0Les employ\u00e9s ne doivent pas participer \u00e0 des pratiques de travail des enfants ni les soutenir.<\/li><li class=\"list-group-item d-flex border border-0\">\u2022 \u00a0Signaler tout cas suspect de travail des enfants \u00e0 leurs superviseurs ou au service des ressources humaines.<\/li><\/ul><p>Fournisseurs et partenaires commerciaux:<\/p><ul class=\"list-group list-group-flush\"><li class=\"list-group-item d-flex border border-0\">\u2022 \u00a0Les fournisseurs et partenaires commerciaux doivent se conformer aux lois locales et internationales concernant le travail des enfants.<\/li><li class=\"list-group-item d-flex border border-0\">\u2022 \u00a0Nous attendons des fournisseurs qu&rsquo;ils v\u00e9rifient l&rsquo;\u00e2ge des travailleurs et s&rsquo;assurent qu&rsquo;ils respectent les exigences l\u00e9gales.<\/li><li class=\"list-group-item d-flex border border-0\">\u2022 \u00a0Les fournisseurs ne doivent pas employer d&rsquo;enfants en dessous de l&rsquo;\u00e2ge l\u00e9gal de travail.<\/li><\/ul><h5>2.3.2 Diligence raisonnable<\/h5><ul class=\"list-group list-group-flush\"><li class=\"list-group-item d-flex border border-0\">\u2022 \u00a0Nous effectuons une diligence raisonnable pour identifier et traiter les risques li\u00e9s au travail des enfants dans notre cha\u00eene d&rsquo;approvisionnement.<\/li><li class=\"list-group-item d-flex border border-0\">\u2022 \u00a0Notre \u00e9quipe de gestionnaires commerciaux strat\u00e9giques (SBM) \u00e9value les pratiques des fournisseurs et surveille leur conformit\u00e9 \u00e0 nos normes.<\/li><\/ul><h5>2.3.3 Mesures correctives<\/h5><ul class=\"list-group list-group-flush\"><li class=\"list-group-item d-flex border border-0\">\u2022 \u00a0Si le travail des enfants est identifi\u00e9, nous prenons des mesures correctives imm\u00e9diates, notamment : Enqu\u00eater sur la situation et r\u00e9silier les contrats avec les fournisseurs non conformes.<\/li><\/ul><h5>2.3.4 Signalement des violations<\/h5><ul class=\"list-group list-group-flush\"><li class=\"list-group-item d-flex border border-0\">\u2022 \u00a0Les employ\u00e9s et les parties prenantes sont encourag\u00e9s \u00e0 signaler toute violation de ce Code de conduite.<\/li><li class=\"list-group-item d-flex border border-0\">\u2022 \u00a0\u00a0Toute violation ou possible violation de la politique doit \u00eatre signal\u00e9e aux cadres. Si la personne qui signale h\u00e9site \u00e0 informer les cadres, elle peut contacter les ressources humaines pour obtenir de l&rsquo;aide et des conseils sur la proc\u00e9dure de signalement.<\/li><li class=\"list-group-item d-flex border border-0\">\u2022 \u00a0Une protection des lanceurs d&rsquo;alerte est accord\u00e9e \u00e0 ceux qui signalent de bonne foi.<\/li><\/ul><h5>2.3.5 Formation et sensibilisation<\/h5><ul class=\"list-group list-group-flush\"><li class=\"list-group-item d-flex border border-0\">\u2022 \u00a0Nous organisons r\u00e9guli\u00e8rement des programmes de formation pour sensibiliser les employ\u00e9s et les partenaires \u00e0 nos politiques, notamment la pr\u00e9vention du travail des enfants.<\/li><\/ul><h5>3. Sant\u00e9 et s\u00e9curit\u00e9<\/h5><ul class=\"list-group list-group-flush\"><li class=\"list-group-item d-flex border border-0\">\u2022 \u00a0Nous donnons la priorit\u00e9 \u00e0 la sant\u00e9 et \u00e0 la s\u00e9curit\u00e9 de nos employ\u00e9s, entrepreneurs et visiteurs gr\u00e2ce \u00e0 notre politique de sant\u00e9 et de s\u00e9curit\u00e9.<\/li><li class=\"list-group-item d-flex border border-0\">\u2022 \u00a0Nous offrons un environnement de travail s\u00fbr, dispensons une formation r\u00e9guli\u00e8re en mati\u00e8re de s\u00e9curit\u00e9 et favorisons la pr\u00e9vention des accidents.<\/li><\/ul><h5>4. Environnement<\/h5><ul class=\"list-group list-group-flush\"><li class=\"list-group-item d-flex border border-0\">\u2022 \u00a0Nous sommes engag\u00e9s en faveur de la durabilit\u00e9 environnementale.<\/li><li class=\"list-group-item d-flex border border-0\">\u2022 \u00a0Nous r\u00e9duisons notre impact environnemental gr\u00e2ce \u00e0 une utilisation responsable des ressources, \u00e0 la r\u00e9duction des d\u00e9chets et \u00e0 la pr\u00e9vention de la pollution.<\/li><\/ul><h5>5. \u00c9thique et conformit\u00e9<\/h5><p>\u00a0<\/p><h5>5.1. Conduite \u00e9thique<\/h5><ul class=\"list-group list-group-flush\"><li class=\"list-group-item d-flex border border-0\">\u2022 \u00a0Nous agissons avec honn\u00eatet\u00e9, int\u00e9grit\u00e9 et transparence dans toutes nos transactions commerciales.<\/li><li class=\"list-group-item d-flex border border-0\">\u2022 \u00a0La corruption, les pots-de-vin et les comportements non \u00e9thiques sont strictement interdits.<\/li><\/ul><h5>5.2. Conformit\u00e9<\/h5><ul class=\"list-group list-group-flush\"><li class=\"list-group-item d-flex border border-0\">\u2022 \u00a0Nous respectons toutes les lois, r\u00e9glementations et normes applicables.<\/li><li class=\"list-group-item d-flex border border-0\">\u2022 \u00a0Les employ\u00e9s doivent signaler rapidement toute violation potentielle.<\/li><\/ul><h5>6. Formation et communication<\/h5><ul class=\"list-group list-group-flush\"><li class=\"list-group-item d-flex border border-0\">\u2022 \u00a0Nous dispensons une formation r\u00e9guli\u00e8re sur ce Code de conduite \u00e0 tous les employ\u00e9s<\/li><li class=\"list-group-item d-flex border border-0\">\u2022 \u00a0Les canaux de communication sont ouverts aux employ\u00e9s pour obtenir des conseils ou signaler des pr\u00e9occupations.<\/li><\/ul><h5>7. Suivi de la conformit\u00e9<\/h5><ul class=\"list-group list-group-flush\"><li class=\"list-group-item d-flex border border-0\">\u2022 \u00a0Nous effectuons des audits et des \u00e9valuations p\u00e9riodiques pour surveiller le respect de ce Code de conduite.<\/li><li class=\"list-group-item d-flex border border-0\">\u2022 \u00a0La non-conformit\u00e9 entra\u00eenera des mesures correctives appropri\u00e9es.<\/li><\/ul><h5>8. Non-conformit\u00e9<\/h5><ul class=\"list-group list-group-flush\"><li class=\"list-group-item d-flex border border-0\">\u2022 \u00a0Les violations de ce Code de conduite feront l&rsquo;objet d&rsquo;une enqu\u00eate rapide.<\/li><li class=\"list-group-item d-flex border border-0\">\u2022 \u00a0Des mesures disciplinaires, y compris le licenciement, peuvent \u00eatre prises en cas de violations graves.<\/li><\/ul><h5>9. Conclusion<\/h5><p>At Chez Canadian Bearings, nous nous engageons \u00e0 respecter ces principes. En adh\u00e9rant \u00e0 ce Code de conduite, nous contribuons \u00e0 un environnement de travail positif et \u00e0 une entreprise responsable.<\/p>\t\t\t\t\t\t\t\t<\/div>\n\t\t\t\t<\/div>\n\t\t\t\t\t<\/div>\n\t\t\t\t<\/div>\n\t\t\t\t<\/div>\n\t\t","protected":false},"excerpt":{"rendered":"<p>Code de conduite CB s&rsquo;engage \u00e0 mener ses activit\u00e9s avec int\u00e9grit\u00e9, respect et responsabilit\u00e9 sociale. Ce code d\u00e9crit les principes destin\u00e9s aux employ\u00e9s, aux fournisseurs et aux partenaires commerciaux. 1. Introduction Canadian Bearings est un distributeur de premier plan de roulements, de transmission de puissance, de contr\u00f4le des mouvements, de courroies et de composants de [&hellip;]<\/p>\n","protected":false},"author":2,"featured_media":0,"parent":0,"menu_order":0,"comment_status":"closed","ping_status":"closed","template":"elementor_header_footer","meta":{"_acf_changed":false,"content-type":"","inline_featured_image":false,"footnotes":""},"class_list":["post-2322","page","type-page","status-publish","hentry"],"acf":[],"yoast_head":"<!-- This site is optimized with the Yoast SEO plugin v27.1.1 - https:\/\/yoast.com\/product\/yoast-seo-wordpress\/ -->\n<title>Code de conduite | R\u00e9seau CB<\/title>\n<meta name=\"robots\" content=\"index, follow, max-snippet:-1, max-image-preview:large, max-video-preview:-1\" \/>\n<link rel=\"canonical\" href=\"https:\/\/canadianbearings.com\/fr\/code-of-conduct\/\" \/>\n<meta property=\"og:locale\" content=\"fr_FR\" \/>\n<meta property=\"og:type\" content=\"article\" \/>\n<meta property=\"og:title\" content=\"Code de conduite | R\u00e9seau CB\" \/>\n<meta property=\"og:description\" content=\"Code de conduite CB s&rsquo;engage \u00e0 mener ses activit\u00e9s avec int\u00e9grit\u00e9, respect et responsabilit\u00e9 sociale. Ce code d\u00e9crit les principes destin\u00e9s aux employ\u00e9s, aux fournisseurs et aux partenaires commerciaux. 1. Introduction Canadian Bearings est un distributeur de premier plan de roulements, de transmission de puissance, de contr\u00f4le des mouvements, de courroies et de composants de [&hellip;]\" \/>\n<meta property=\"og:url\" content=\"https:\/\/canadianbearings.com\/fr\/code-of-conduct\/\" \/>\n<meta property=\"og:site_name\" content=\"Canadian Bearings\" \/>\n<meta property=\"article:modified_time\" content=\"2026-02-23T18:37:03+00:00\" \/>\n<meta name=\"twitter:card\" content=\"summary_large_image\" \/>\n<meta name=\"twitter:label1\" content=\"Est. reading time\" \/>\n\t<meta name=\"twitter:data1\" content=\"5 minutes\" \/>\n<script type=\"application\/ld+json\" class=\"yoast-schema-graph\">{\"@context\":\"https:\/\/schema.org\",\"@graph\":[{\"@type\":\"WebPage\",\"@id\":\"https:\/\/canadianbearings.com\/fr\/code-of-conduct\/\",\"url\":\"https:\/\/canadianbearings.com\/fr\/code-of-conduct\/\",\"name\":\"Code de conduite | R\u00e9seau CB\",\"isPartOf\":{\"@id\":\"https:\/\/canadianbearings.com\/fr\/#website\"},\"datePublished\":\"2024-09-18T20:00:28+00:00\",\"dateModified\":\"2026-02-23T18:37:03+00:00\",\"breadcrumb\":{\"@id\":\"https:\/\/canadianbearings.com\/fr\/code-of-conduct\/#breadcrumb\"},\"inLanguage\":\"fr-FR\",\"potentialAction\":[{\"@type\":\"ReadAction\",\"target\":[\"https:\/\/canadianbearings.com\/fr\/code-of-conduct\/\"]}]},{\"@type\":\"BreadcrumbList\",\"@id\":\"https:\/\/canadianbearings.com\/fr\/code-of-conduct\/#breadcrumb\",\"itemListElement\":[{\"@type\":\"ListItem\",\"position\":1,\"name\":\"Accueil\",\"item\":\"https:\/\/canadianbearings.com\/fr\/\"},{\"@type\":\"ListItem\",\"position\":2,\"name\":\"Code de conduite\"}]},{\"@type\":\"WebSite\",\"@id\":\"https:\/\/canadianbearings.com\/fr\/#website\",\"url\":\"https:\/\/canadianbearings.com\/fr\/\",\"name\":\"Canadian Bearings\",\"description\":\"\",\"publisher\":{\"@id\":\"https:\/\/canadianbearings.com\/fr\/#organization\"},\"potentialAction\":[{\"@type\":\"SearchAction\",\"target\":{\"@type\":\"EntryPoint\",\"urlTemplate\":\"https:\/\/canadianbearings.com\/fr\/?s={search_term_string}\"},\"query-input\":{\"@type\":\"PropertyValueSpecification\",\"valueRequired\":true,\"valueName\":\"search_term_string\"}}],\"inLanguage\":\"fr-FR\"},{\"@type\":\"Organization\",\"@id\":\"https:\/\/canadianbearings.com\/fr\/#organization\",\"name\":\"Canadian Bearings\",\"url\":\"https:\/\/canadianbearings.com\/fr\/\",\"logo\":{\"@type\":\"ImageObject\",\"inLanguage\":\"fr-FR\",\"@id\":\"https:\/\/canadianbearings.com\/fr\/#\/schema\/logo\/image\/\",\"url\":\"https:\/\/canadianbearings.com\/wp-content\/uploads\/2024\/06\/cb-logo-tagline-website-FR.svg\",\"contentUrl\":\"https:\/\/canadianbearings.com\/wp-content\/uploads\/2024\/06\/cb-logo-tagline-website-FR.svg\",\"caption\":\"Canadian Bearings\"},\"image\":{\"@id\":\"https:\/\/canadianbearings.com\/fr\/#\/schema\/logo\/image\/\"}}]}<\/script>\n<!-- \/ Yoast SEO plugin. -->","yoast_head_json":{"title":"Code de conduite | R\u00e9seau CB","robots":{"index":"index","follow":"follow","max-snippet":"max-snippet:-1","max-image-preview":"max-image-preview:large","max-video-preview":"max-video-preview:-1"},"canonical":"https:\/\/canadianbearings.com\/fr\/code-of-conduct\/","og_locale":"fr_FR","og_type":"article","og_title":"Code de conduite | R\u00e9seau CB","og_description":"Code de conduite CB s&rsquo;engage \u00e0 mener ses activit\u00e9s avec int\u00e9grit\u00e9, respect et responsabilit\u00e9 sociale. Ce code d\u00e9crit les principes destin\u00e9s aux employ\u00e9s, aux fournisseurs et aux partenaires commerciaux. 1. Introduction Canadian Bearings est un distributeur de premier plan de roulements, de transmission de puissance, de contr\u00f4le des mouvements, de courroies et de composants de [&hellip;]","og_url":"https:\/\/canadianbearings.com\/fr\/code-of-conduct\/","og_site_name":"Canadian Bearings","article_modified_time":"2026-02-23T18:37:03+00:00","twitter_card":"summary_large_image","twitter_misc":{"Est. reading time":"5 minutes"},"schema":{"@context":"https:\/\/schema.org","@graph":[{"@type":"WebPage","@id":"https:\/\/canadianbearings.com\/fr\/code-of-conduct\/","url":"https:\/\/canadianbearings.com\/fr\/code-of-conduct\/","name":"Code de conduite | R\u00e9seau CB","isPartOf":{"@id":"https:\/\/canadianbearings.com\/fr\/#website"},"datePublished":"2024-09-18T20:00:28+00:00","dateModified":"2026-02-23T18:37:03+00:00","breadcrumb":{"@id":"https:\/\/canadianbearings.com\/fr\/code-of-conduct\/#breadcrumb"},"inLanguage":"fr-FR","potentialAction":[{"@type":"ReadAction","target":["https:\/\/canadianbearings.com\/fr\/code-of-conduct\/"]}]},{"@type":"BreadcrumbList","@id":"https:\/\/canadianbearings.com\/fr\/code-of-conduct\/#breadcrumb","itemListElement":[{"@type":"ListItem","position":1,"name":"Accueil","item":"https:\/\/canadianbearings.com\/fr\/"},{"@type":"ListItem","position":2,"name":"Code de conduite"}]},{"@type":"WebSite","@id":"https:\/\/canadianbearings.com\/fr\/#website","url":"https:\/\/canadianbearings.com\/fr\/","name":"Canadian Bearings","description":"","publisher":{"@id":"https:\/\/canadianbearings.com\/fr\/#organization"},"potentialAction":[{"@type":"SearchAction","target":{"@type":"EntryPoint","urlTemplate":"https:\/\/canadianbearings.com\/fr\/?s={search_term_string}"},"query-input":{"@type":"PropertyValueSpecification","valueRequired":true,"valueName":"search_term_string"}}],"inLanguage":"fr-FR"},{"@type":"Organization","@id":"https:\/\/canadianbearings.com\/fr\/#organization","name":"Canadian Bearings","url":"https:\/\/canadianbearings.com\/fr\/","logo":{"@type":"ImageObject","inLanguage":"fr-FR","@id":"https:\/\/canadianbearings.com\/fr\/#\/schema\/logo\/image\/","url":"https:\/\/canadianbearings.com\/wp-content\/uploads\/2024\/06\/cb-logo-tagline-website-FR.svg","contentUrl":"https:\/\/canadianbearings.com\/wp-content\/uploads\/2024\/06\/cb-logo-tagline-website-FR.svg","caption":"Canadian Bearings"},"image":{"@id":"https:\/\/canadianbearings.com\/fr\/#\/schema\/logo\/image\/"}}]}},"_links":{"self":[{"href":"https:\/\/canadianbearings.com\/fr\/wp-json\/wp\/v2\/pages\/2322","targetHints":{"allow":["GET"]}}],"collection":[{"href":"https:\/\/canadianbearings.com\/fr\/wp-json\/wp\/v2\/pages"}],"about":[{"href":"https:\/\/canadianbearings.com\/fr\/wp-json\/wp\/v2\/types\/page"}],"author":[{"embeddable":true,"href":"https:\/\/canadianbearings.com\/fr\/wp-json\/wp\/v2\/users\/2"}],"replies":[{"embeddable":true,"href":"https:\/\/canadianbearings.com\/fr\/wp-json\/wp\/v2\/comments?post=2322"}],"version-history":[{"count":0,"href":"https:\/\/canadianbearings.com\/fr\/wp-json\/wp\/v2\/pages\/2322\/revisions"}],"wp:attachment":[{"href":"https:\/\/canadianbearings.com\/fr\/wp-json\/wp\/v2\/media?parent=2322"}],"curies":[{"name":"wp","href":"https:\/\/api.w.org\/{rel}","templated":true}]}}