{"id":2325,"date":"2024-09-18T19:47:13","date_gmt":"2024-09-18T19:47:13","guid":{"rendered":"https:\/\/canadianbearings.com\/resources\/"},"modified":"2026-02-23T18:36:28","modified_gmt":"2026-02-23T18:36:28","slug":"resources","status":"publish","type":"page","link":"https:\/\/canadianbearings.com\/fr\/resources\/","title":{"rendered":"Blogue"},"content":{"rendered":"\t\t<div data-elementor-type=\"wp-page\" data-elementor-id=\"2325\" class=\"elementor elementor-2325 elementor-1679\" data-elementor-post-type=\"page\">\n\t\t\t\t<div class=\"elementor-element elementor-element-208cafad e-flex e-con-boxed e-con e-parent\" data-id=\"208cafad\" data-element_type=\"container\" data-e-type=\"container\" data-settings=\"{&quot;background_background&quot;:&quot;classic&quot;}\">\n\t\t\t\t\t<div class=\"e-con-inner\">\n\t\t<div class=\"elementor-element elementor-element-1ce7dd82 e-grid e-con-full e-con e-child\" data-id=\"1ce7dd82\" data-element_type=\"container\" data-e-type=\"container\">\n\t\t<div class=\"elementor-element elementor-element-3c777593 e-flex e-con-boxed e-con e-child\" data-id=\"3c777593\" data-element_type=\"container\" data-e-type=\"container\">\n\t\t\t\t\t<div class=\"e-con-inner\">\n\t\t<div class=\"elementor-element elementor-element-6f6710fc e-flex e-con-boxed e-con e-child\" data-id=\"6f6710fc\" data-element_type=\"container\" data-e-type=\"container\">\n\t\t\t\t\t<div class=\"e-con-inner\">\n\t\t\t\t<div class=\"elementor-element elementor-element-75fb7aa5 elementor-widget elementor-widget-text-editor\" data-id=\"75fb7aa5\" data-element_type=\"widget\" data-e-type=\"widget\" data-widget_type=\"text-editor.default\">\n\t\t\t\t<div class=\"elementor-widget-container\">\n\t\t\t\t\t\t\t\t\t<div class=\"breadcrumbbox\"><span><span><a href=\"https:\/\/canadianbearings.com\/fr\/\">Accueil<\/a><\/span><\/span><\/div>\t\t\t\t\t\t\t\t<\/div>\n\t\t\t\t<\/div>\n\t\t\t\t\t<\/div>\n\t\t\t\t<\/div>\n\t\t\t\t<div class=\"elementor-element elementor-element-27755a52 elementor-widget elementor-widget-heading\" data-id=\"27755a52\" data-element_type=\"widget\" data-e-type=\"widget\" data-widget_type=\"heading.default\">\n\t\t\t\t<div class=\"elementor-widget-container\">\n\t\t\t\t\t<h2 class=\"elementor-heading-title elementor-size-default\">Blogue<\/h2>\t\t\t\t<\/div>\n\t\t\t\t<\/div>\n\t\t\t\t<div class=\"elementor-element elementor-element-3c9cf575 elementor-widget elementor-widget-text-editor\" data-id=\"3c9cf575\" data-element_type=\"widget\" data-e-type=\"widget\" data-widget_type=\"text-editor.default\">\n\t\t\t\t<div class=\"elementor-widget-container\">\n\t\t\t\t\t\t\t\t\t<p><span style=\"font-weight: 400;\">Parcourez nos articles de blogue pour obtenir des renseignements pr\u00e9cieux sur les roulements, la transmission de puissance, les pneumatiques et bien plus encore.\u00a0<\/span><\/p>\t\t\t\t\t\t\t\t<\/div>\n\t\t\t\t<\/div>\n\t\t\t\t\t<\/div>\n\t\t\t\t<\/div>\n\t\t<div class=\"elementor-element elementor-element-1d342c94 e-con-full e-flex e-con e-child\" data-id=\"1d342c94\" data-element_type=\"container\" data-e-type=\"container\">\n\t\t<div class=\"elementor-element elementor-element-5911e763 e-con-full e-transform e-flex e-con e-child\" data-id=\"5911e763\" data-element_type=\"container\" data-e-type=\"container\" data-settings=\"{&quot;background_background&quot;:&quot;classic&quot;,&quot;_transform_translateX_effect&quot;:{&quot;unit&quot;:&quot;px&quot;,&quot;size&quot;:&quot;&quot;,&quot;sizes&quot;:[]},&quot;_transform_translateX_effect_tablet&quot;:{&quot;unit&quot;:&quot;px&quot;,&quot;size&quot;:&quot;&quot;,&quot;sizes&quot;:[]},&quot;_transform_translateX_effect_mobile&quot;:{&quot;unit&quot;:&quot;px&quot;,&quot;size&quot;:&quot;&quot;,&quot;sizes&quot;:[]},&quot;_transform_translateY_effect&quot;:{&quot;unit&quot;:&quot;px&quot;,&quot;size&quot;:&quot;&quot;,&quot;sizes&quot;:[]},&quot;_transform_translateY_effect_tablet&quot;:{&quot;unit&quot;:&quot;px&quot;,&quot;size&quot;:&quot;&quot;,&quot;sizes&quot;:[]},&quot;_transform_translateY_effect_mobile&quot;:{&quot;unit&quot;:&quot;px&quot;,&quot;size&quot;:&quot;&quot;,&quot;sizes&quot;:[]}}\">\n\t\t\t\t<div class=\"elementor-element elementor-element-3f43d7c elementor-widget elementor-widget-heading\" data-id=\"3f43d7c\" data-element_type=\"widget\" data-e-type=\"widget\" data-widget_type=\"heading.default\">\n\t\t\t\t<div class=\"elementor-widget-container\">\n\t\t\t\t\t<h3 class=\"elementor-heading-title elementor-size-default\">Nos Programmes: D\u00e9couvrez nos programmes complets<\/h3>\t\t\t\t<\/div>\n\t\t\t\t<\/div>\n\t\t\t\t<div class=\"elementor-element elementor-element-4d82aba2 elementor-widget elementor-widget-text-editor\" data-id=\"4d82aba2\" data-element_type=\"widget\" data-e-type=\"widget\" data-widget_type=\"text-editor.default\">\n\t\t\t\t<div class=\"elementor-widget-container\">\n\t\t\t\t\t\t\t\t\t<p>Associez-vous \u00e0 CB pour r\u00e9duire le co\u00fbt total de possession de vos \u00e9quipements gr\u00e2ce \u00e0 une meilleure maintenance, une efficacit\u00e9 \u00e9nerg\u00e9tique accrue et une fiabilit\u00e9 sup\u00e9rieure.<\/p>\t\t\t\t\t\t\t\t<\/div>\n\t\t\t\t<\/div>\n\t\t\t\t<div class=\"elementor-element elementor-element-5083d1ba elementor-align-center elementor-widget elementor-widget-button\" data-id=\"5083d1ba\" data-element_type=\"widget\" data-e-type=\"widget\" data-widget_type=\"button.default\">\n\t\t\t\t<div class=\"elementor-widget-container\">\n\t\t\t\t\t\t\t\t\t<div class=\"elementor-button-wrapper\">\n\t\t\t\t\t<a class=\"elementor-button elementor-button-link elementor-size-sm\" href=\"https:\/\/canadianbearings.com\/fr\/programs\/\">\n\t\t\t\t\t\t<span class=\"elementor-button-content-wrapper\">\n\t\t\t\t\t\t\t\t\t<span class=\"elementor-button-text\">Voir Nos Programmes<\/span>\n\t\t\t\t\t<\/span>\n\t\t\t\t\t<\/a>\n\t\t\t\t<\/div>\n\t\t\t\t\t\t\t\t<\/div>\n\t\t\t\t<\/div>\n\t\t\t\t<\/div>\n\t\t\t\t<\/div>\n\t\t\t\t<\/div>\n\t\t\t\t\t<\/div>\n\t\t\t\t<\/div>\n\t\t<div class=\"elementor-element elementor-element-c7af441 e-flex e-con-boxed e-con e-parent\" data-id=\"c7af441\" data-element_type=\"container\" data-e-type=\"container\">\n\t\t\t\t\t<div class=\"e-con-inner\">\n\t\t\t\t<div class=\"elementor-element elementor-element-98f1ec4 elementor-grid-3 elementor-grid-tablet-2 elementor-grid-mobile-1 elementor-posts--thumbnail-top elementor-card-shadow-yes elementor-posts__hover-gradient elementor-widget elementor-widget-posts\" data-id=\"98f1ec4\" data-element_type=\"widget\" data-e-type=\"widget\" data-settings=\"{&quot;cards_columns&quot;:&quot;3&quot;,&quot;cards_columns_tablet&quot;:&quot;2&quot;,&quot;cards_columns_mobile&quot;:&quot;1&quot;,&quot;cards_row_gap&quot;:{&quot;unit&quot;:&quot;px&quot;,&quot;size&quot;:35,&quot;sizes&quot;:[]},&quot;cards_row_gap_tablet&quot;:{&quot;unit&quot;:&quot;px&quot;,&quot;size&quot;:&quot;&quot;,&quot;sizes&quot;:[]},&quot;cards_row_gap_mobile&quot;:{&quot;unit&quot;:&quot;px&quot;,&quot;size&quot;:&quot;&quot;,&quot;sizes&quot;:[]}}\" data-widget_type=\"posts.cards\">\n\t\t\t\t<div class=\"elementor-widget-container\">\n\t\t\t\t\t\t\t<div class=\"elementor-posts-container elementor-posts elementor-posts--skin-cards elementor-grid\" role=\"list\">\n\t\t\t\t<article class=\"elementor-post elementor-grid-item post-7264 post type-post status-publish format-standard has-post-thumbnail hentry category-blogue category-ressources\" role=\"listitem\">\n\t\t\t<div class=\"elementor-post__card\">\n\t\t\t\t<a class=\"elementor-post__thumbnail__link\" href=\"https:\/\/canadianbearings.com\/fr\/ressources\/maintenance-proactive\/\" tabindex=\"-1\" ><div class=\"elementor-post__thumbnail\"><img decoding=\"async\" width=\"300\" height=\"164\" src=\"https:\/\/canadianbearings.com\/wp-content\/uploads\/2026\/05\/83e08b5d-e1ab-433d-a335-c94a57226832-300x164.png\" class=\"attachment-medium size-medium wp-image-7267\" alt=\"\" srcset=\"https:\/\/canadianbearings.com\/wp-content\/uploads\/2026\/05\/83e08b5d-e1ab-433d-a335-c94a57226832-300x164.png 300w, https:\/\/canadianbearings.com\/wp-content\/uploads\/2026\/05\/83e08b5d-e1ab-433d-a335-c94a57226832-1024x559.png 1024w, https:\/\/canadianbearings.com\/wp-content\/uploads\/2026\/05\/83e08b5d-e1ab-433d-a335-c94a57226832-768x419.png 768w, https:\/\/canadianbearings.com\/wp-content\/uploads\/2026\/05\/83e08b5d-e1ab-433d-a335-c94a57226832.png 1408w\" sizes=\"(max-width: 300px) 100vw, 300px\" \/><\/div><\/a>\n\t\t\t\t<div class=\"elementor-post__text\">\n\t\t\t\t<h3 class=\"elementor-post__title\">\n\t\t\t<a href=\"https:\/\/canadianbearings.com\/fr\/ressources\/maintenance-proactive\/\" >\n\t\t\t\tMaintenance Proactive\t\t\t<\/a>\n\t\t<\/h3>\n\t\t\t\t<div class=\"elementor-post__excerpt\">\n\t\t\t<p>De l&rsquo;arr\u00eat \u00e0 la disponibilit\u00e9 : Comment une strat\u00e9gie MRO intelligente alimente la maintenance proactive L&rsquo;appel redout\u00e9 gr\u00e9sille \u00e0 la radio : \u00ab La cha\u00eene de production principale est en panne. \u00bb Une pi\u00e8ce d&rsquo;\u00e9quipement critique a l\u00e2ch\u00e9, et vos \u00e9quipes de maintenance se lancent maintenant dans une course contre<\/p>\n\t\t<\/div>\n\t\t\n\t\t<a class=\"elementor-post__read-more\" href=\"https:\/\/canadianbearings.com\/fr\/ressources\/maintenance-proactive\/\" aria-label=\"En savoir plus sur Maintenance Proactive\" tabindex=\"-1\" >\n\t\t\tEn savoir plus \u00bb\t\t<\/a>\n\n\t\t\t\t<\/div>\n\t\t\t\t\t<\/div>\n\t\t<\/article>\n\t\t\t\t<article class=\"elementor-post elementor-grid-item post-4604 post type-post status-publish format-standard has-post-thumbnail hentry category-blogue category-ressources\" role=\"listitem\">\n\t\t\t<div class=\"elementor-post__card\">\n\t\t\t\t<a class=\"elementor-post__thumbnail__link\" href=\"https:\/\/canadianbearings.com\/fr\/ressources\/asset-hierarchy\/\" tabindex=\"-1\" ><div class=\"elementor-post__thumbnail\"><img decoding=\"async\" width=\"300\" height=\"157\" src=\"https:\/\/canadianbearings.com\/wp-content\/uploads\/2024\/12\/CB-Asset-Hierarchy-Example-1-300x157.jpg\" class=\"attachment-medium size-medium wp-image-5584\" alt=\"\" srcset=\"https:\/\/canadianbearings.com\/wp-content\/uploads\/2024\/12\/CB-Asset-Hierarchy-Example-1-300x157.jpg 300w, https:\/\/canadianbearings.com\/wp-content\/uploads\/2024\/12\/CB-Asset-Hierarchy-Example-1-1024x534.jpg 1024w, https:\/\/canadianbearings.com\/wp-content\/uploads\/2024\/12\/CB-Asset-Hierarchy-Example-1-768x401.jpg 768w, https:\/\/canadianbearings.com\/wp-content\/uploads\/2024\/12\/CB-Asset-Hierarchy-Example-1.jpg 1355w\" sizes=\"(max-width: 300px) 100vw, 300px\" \/><\/div><\/a>\n\t\t\t\t<div class=\"elementor-post__text\">\n\t\t\t\t<h3 class=\"elementor-post__title\">\n\t\t\t<a href=\"https:\/\/canadianbearings.com\/fr\/ressources\/asset-hierarchy\/\" >\n\t\t\t\tHi\u00e9rarchie des actifs\t\t\t<\/a>\n\t\t<\/h3>\n\t\t\t\t<div class=\"elementor-post__excerpt\">\n\t\t\t<p>Transformez vos op\u00e9rations gr\u00e2ce aux meilleures pratiques en mati\u00e8re de hi\u00e9rarchie des actifs Afin de comprendre pourquoi une gestion efficace des actifs est cruciale pour les fabricants, il est utile de comprendre un principe cl\u00e9 : vous ne pouvez pas lib\u00e9rer pleinement la valeur des informations tant qu\u2019elles ne sont<\/p>\n\t\t<\/div>\n\t\t\n\t\t<a class=\"elementor-post__read-more\" href=\"https:\/\/canadianbearings.com\/fr\/ressources\/asset-hierarchy\/\" aria-label=\"En savoir plus sur Hi\u00e9rarchie des actifs\" tabindex=\"-1\" >\n\t\t\tEn savoir plus \u00bb\t\t<\/a>\n\n\t\t\t\t<\/div>\n\t\t\t\t\t<\/div>\n\t\t<\/article>\n\t\t\t\t<article class=\"elementor-post elementor-grid-item post-2372 post type-post status-publish format-standard has-post-thumbnail hentry category-blogue category-ressources\" role=\"listitem\">\n\t\t\t<div class=\"elementor-post__card\">\n\t\t\t\t<a class=\"elementor-post__thumbnail__link\" href=\"https:\/\/canadianbearings.com\/fr\/ressources\/conveyor-belt-audits\/\" tabindex=\"-1\" ><div class=\"elementor-post__thumbnail\"><img decoding=\"async\" width=\"300\" height=\"147\" src=\"https:\/\/canadianbearings.com\/wp-content\/uploads\/2024\/06\/Conveyor-Belt-Audits-blog-300x147.jpg\" class=\"attachment-medium size-medium wp-image-4496\" alt=\"\" srcset=\"https:\/\/canadianbearings.com\/wp-content\/uploads\/2024\/06\/Conveyor-Belt-Audits-blog-300x147.jpg 300w, https:\/\/canadianbearings.com\/wp-content\/uploads\/2024\/06\/Conveyor-Belt-Audits-blog.jpg 515w\" sizes=\"(max-width: 300px) 100vw, 300px\" \/><\/div><\/a>\n\t\t\t\t<div class=\"elementor-post__text\">\n\t\t\t\t<h3 class=\"elementor-post__title\">\n\t\t\t<a href=\"https:\/\/canadianbearings.com\/fr\/ressources\/conveyor-belt-audits\/\" >\n\t\t\t\tAudits des courroies  de convoyeurs\t\t\t<\/a>\n\t\t<\/h3>\n\t\t\t\t<div class=\"elementor-post__excerpt\">\n\t\t\t<p>Audits des courroies\u00a0 de convoyeurs : franchissez l&rsquo;\u00e9tape critique au-del\u00e0 des inspections de routine Par Jason White Ne laissez pas votre syst\u00e8me de convoyeurs devenir plus un handicap qu&rsquo;un atout. Faites confiance \u00e0 un audit annuel des courroies pour mesurer et \u00e9valuer les am\u00e9liorations n\u00e9cessaires. Pourquoi les v\u00e9rifications de courroies<\/p>\n\t\t<\/div>\n\t\t\n\t\t<a class=\"elementor-post__read-more\" href=\"https:\/\/canadianbearings.com\/fr\/ressources\/conveyor-belt-audits\/\" aria-label=\"En savoir plus sur Audits des courroies  de convoyeurs\" tabindex=\"-1\" >\n\t\t\tEn savoir plus \u00bb\t\t<\/a>\n\n\t\t\t\t<\/div>\n\t\t\t\t\t<\/div>\n\t\t<\/article>\n\t\t\t\t<article class=\"elementor-post elementor-grid-item post-2373 post type-post status-publish format-standard has-post-thumbnail hentry category-blogue category-ressources\" role=\"listitem\">\n\t\t\t<div class=\"elementor-post__card\">\n\t\t\t\t<a class=\"elementor-post__thumbnail__link\" href=\"https:\/\/canadianbearings.com\/fr\/ressources\/repair-or-replace-equipment-how-to-decide\/\" tabindex=\"-1\" ><div class=\"elementor-post__thumbnail\"><img loading=\"lazy\" decoding=\"async\" width=\"300\" height=\"147\" src=\"https:\/\/canadianbearings.com\/wp-content\/uploads\/2024\/06\/RepairReplace-blog-300x147.jpg\" class=\"attachment-medium size-medium wp-image-4687\" alt=\"\" srcset=\"https:\/\/canadianbearings.com\/wp-content\/uploads\/2024\/06\/RepairReplace-blog-300x147.jpg 300w, https:\/\/canadianbearings.com\/wp-content\/uploads\/2024\/06\/RepairReplace-blog.jpg 515w\" sizes=\"(max-width: 300px) 100vw, 300px\" \/><\/div><\/a>\n\t\t\t\t<div class=\"elementor-post__text\">\n\t\t\t\t<h3 class=\"elementor-post__title\">\n\t\t\t<a href=\"https:\/\/canadianbearings.com\/fr\/ressources\/repair-or-replace-equipment-how-to-decide\/\" >\n\t\t\t\tBlogue sur R\u00e9parer ou remplacer? Que consid\u00e9rer quand vous \u00e9valuez votre \u00e9quipement\t\t\t<\/a>\n\t\t<\/h3>\n\t\t\t\t<div class=\"elementor-post__excerpt\">\n\t\t\t<p>R\u00e9parer ou remplacer ? Comment d\u00e9cider quoi faire de votre \u00e9quipement pour une efficacit\u00e9 maximale Vous pensez peut-\u00eatre qu&rsquo;il est facile de d\u00e9cider s&rsquo;il faut r\u00e9parer ou remplacer un \u00e9quipement. Apr\u00e8s tout, si le co\u00fbt de la r\u00e9paration est inf\u00e9rieur \u00e0 celui du remplacement, la r\u00e9ponse semble claire : r\u00e9parer.<\/p>\n\t\t<\/div>\n\t\t\n\t\t<a class=\"elementor-post__read-more\" href=\"https:\/\/canadianbearings.com\/fr\/ressources\/repair-or-replace-equipment-how-to-decide\/\" aria-label=\"En savoir plus sur Blogue sur R\u00e9parer ou remplacer? Que consid\u00e9rer quand vous \u00e9valuez votre \u00e9quipement\" tabindex=\"-1\" >\n\t\t\tEn savoir plus \u00bb\t\t<\/a>\n\n\t\t\t\t<\/div>\n\t\t\t\t\t<\/div>\n\t\t<\/article>\n\t\t\t\t<\/div>\n\t\t\n\t\t\t\t\t\t<\/div>\n\t\t\t\t<\/div>\n\t\t\t\t\t<\/div>\n\t\t\t\t<\/div>\n\t\t\t\t<\/div>\n\t\t","protected":false},"excerpt":{"rendered":"<p>Blogue Parcourez nos articles de blogue pour obtenir des renseignements pr\u00e9cieux sur les roulements, la transmission de puissance, les pneumatiques et bien plus encore. Nos Programmes: D\u00e9couvrez nos programmes complets Associez-vous \u00e0 CB pour r\u00e9duire le co\u00fbt total de possession de vos \u00e9quipements gr\u00e2ce \u00e0 une meilleure maintenance, une efficacit\u00e9 \u00e9nerg\u00e9tique accrue et une fiabilit\u00e9 [&hellip;]<\/p>\n","protected":false},"author":2,"featured_media":0,"parent":0,"menu_order":0,"comment_status":"closed","ping_status":"closed","template":"","meta":{"_acf_changed":false,"content-type":"","inline_featured_image":false,"footnotes":""},"class_list":["post-2325","page","type-page","status-publish","hentry"],"acf":[],"yoast_head":"<!-- This site is optimized with the Yoast SEO plugin v27.1.1 - https:\/\/yoast.com\/product\/yoast-seo-wordpress\/ -->\n<title>Blogue | R\u00e9seau CB<\/title>\n<meta name=\"robots\" content=\"index, follow, max-snippet:-1, max-image-preview:large, max-video-preview:-1\" \/>\n<link rel=\"canonical\" href=\"https:\/\/canadianbearings.com\/fr\/resources\/\" \/>\n<meta property=\"og:locale\" content=\"fr_FR\" \/>\n<meta property=\"og:type\" content=\"article\" \/>\n<meta property=\"og:title\" content=\"Blogue | R\u00e9seau CB\" \/>\n<meta property=\"og:description\" content=\"Blogue Parcourez nos articles de blogue pour obtenir des renseignements pr\u00e9cieux sur les roulements, la transmission de puissance, les pneumatiques et bien plus encore. Nos Programmes: D\u00e9couvrez nos programmes complets Associez-vous \u00e0 CB pour r\u00e9duire le co\u00fbt total de possession de vos \u00e9quipements gr\u00e2ce \u00e0 une meilleure maintenance, une efficacit\u00e9 \u00e9nerg\u00e9tique accrue et une fiabilit\u00e9 [&hellip;]\" \/>\n<meta property=\"og:url\" content=\"https:\/\/canadianbearings.com\/fr\/resources\/\" \/>\n<meta property=\"og:site_name\" content=\"Canadian Bearings\" \/>\n<meta property=\"article:modified_time\" content=\"2026-02-23T18:36:28+00:00\" \/>\n<meta name=\"twitter:card\" content=\"summary_large_image\" \/>\n<meta name=\"twitter:label1\" content=\"Est. reading time\" \/>\n\t<meta name=\"twitter:data1\" content=\"1 minute\" \/>\n<script type=\"application\/ld+json\" class=\"yoast-schema-graph\">{\"@context\":\"https:\/\/schema.org\",\"@graph\":[{\"@type\":\"WebPage\",\"@id\":\"https:\/\/canadianbearings.com\/fr\/resources\/\",\"url\":\"https:\/\/canadianbearings.com\/fr\/resources\/\",\"name\":\"Blogue | R\u00e9seau CB\",\"isPartOf\":{\"@id\":\"https:\/\/canadianbearings.com\/fr\/#website\"},\"datePublished\":\"2024-09-18T19:47:13+00:00\",\"dateModified\":\"2026-02-23T18:36:28+00:00\",\"breadcrumb\":{\"@id\":\"https:\/\/canadianbearings.com\/fr\/resources\/#breadcrumb\"},\"inLanguage\":\"fr-FR\",\"potentialAction\":[{\"@type\":\"ReadAction\",\"target\":[\"https:\/\/canadianbearings.com\/fr\/resources\/\"]}]},{\"@type\":\"BreadcrumbList\",\"@id\":\"https:\/\/canadianbearings.com\/fr\/resources\/#breadcrumb\",\"itemListElement\":[{\"@type\":\"ListItem\",\"position\":1,\"name\":\"Accueil\",\"item\":\"https:\/\/canadianbearings.com\/fr\/\"},{\"@type\":\"ListItem\",\"position\":2,\"name\":\"Blogue\"}]},{\"@type\":\"WebSite\",\"@id\":\"https:\/\/canadianbearings.com\/fr\/#website\",\"url\":\"https:\/\/canadianbearings.com\/fr\/\",\"name\":\"Canadian Bearings\",\"description\":\"\",\"publisher\":{\"@id\":\"https:\/\/canadianbearings.com\/fr\/#organization\"},\"potentialAction\":[{\"@type\":\"SearchAction\",\"target\":{\"@type\":\"EntryPoint\",\"urlTemplate\":\"https:\/\/canadianbearings.com\/fr\/?s={search_term_string}\"},\"query-input\":{\"@type\":\"PropertyValueSpecification\",\"valueRequired\":true,\"valueName\":\"search_term_string\"}}],\"inLanguage\":\"fr-FR\"},{\"@type\":\"Organization\",\"@id\":\"https:\/\/canadianbearings.com\/fr\/#organization\",\"name\":\"Canadian Bearings\",\"url\":\"https:\/\/canadianbearings.com\/fr\/\",\"logo\":{\"@type\":\"ImageObject\",\"inLanguage\":\"fr-FR\",\"@id\":\"https:\/\/canadianbearings.com\/fr\/#\/schema\/logo\/image\/\",\"url\":\"https:\/\/canadianbearings.com\/wp-content\/uploads\/2024\/06\/cb-logo-tagline-website-FR.svg\",\"contentUrl\":\"https:\/\/canadianbearings.com\/wp-content\/uploads\/2024\/06\/cb-logo-tagline-website-FR.svg\",\"caption\":\"Canadian Bearings\"},\"image\":{\"@id\":\"https:\/\/canadianbearings.com\/fr\/#\/schema\/logo\/image\/\"}}]}<\/script>\n<!-- \/ Yoast SEO plugin. -->","yoast_head_json":{"title":"Blogue | R\u00e9seau CB","robots":{"index":"index","follow":"follow","max-snippet":"max-snippet:-1","max-image-preview":"max-image-preview:large","max-video-preview":"max-video-preview:-1"},"canonical":"https:\/\/canadianbearings.com\/fr\/resources\/","og_locale":"fr_FR","og_type":"article","og_title":"Blogue | R\u00e9seau CB","og_description":"Blogue Parcourez nos articles de blogue pour obtenir des renseignements pr\u00e9cieux sur les roulements, la transmission de puissance, les pneumatiques et bien plus encore. Nos Programmes: D\u00e9couvrez nos programmes complets Associez-vous \u00e0 CB pour r\u00e9duire le co\u00fbt total de possession de vos \u00e9quipements gr\u00e2ce \u00e0 une meilleure maintenance, une efficacit\u00e9 \u00e9nerg\u00e9tique accrue et une fiabilit\u00e9 [&hellip;]","og_url":"https:\/\/canadianbearings.com\/fr\/resources\/","og_site_name":"Canadian Bearings","article_modified_time":"2026-02-23T18:36:28+00:00","twitter_card":"summary_large_image","twitter_misc":{"Est. reading time":"1 minute"},"schema":{"@context":"https:\/\/schema.org","@graph":[{"@type":"WebPage","@id":"https:\/\/canadianbearings.com\/fr\/resources\/","url":"https:\/\/canadianbearings.com\/fr\/resources\/","name":"Blogue | R\u00e9seau CB","isPartOf":{"@id":"https:\/\/canadianbearings.com\/fr\/#website"},"datePublished":"2024-09-18T19:47:13+00:00","dateModified":"2026-02-23T18:36:28+00:00","breadcrumb":{"@id":"https:\/\/canadianbearings.com\/fr\/resources\/#breadcrumb"},"inLanguage":"fr-FR","potentialAction":[{"@type":"ReadAction","target":["https:\/\/canadianbearings.com\/fr\/resources\/"]}]},{"@type":"BreadcrumbList","@id":"https:\/\/canadianbearings.com\/fr\/resources\/#breadcrumb","itemListElement":[{"@type":"ListItem","position":1,"name":"Accueil","item":"https:\/\/canadianbearings.com\/fr\/"},{"@type":"ListItem","position":2,"name":"Blogue"}]},{"@type":"WebSite","@id":"https:\/\/canadianbearings.com\/fr\/#website","url":"https:\/\/canadianbearings.com\/fr\/","name":"Canadian Bearings","description":"","publisher":{"@id":"https:\/\/canadianbearings.com\/fr\/#organization"},"potentialAction":[{"@type":"SearchAction","target":{"@type":"EntryPoint","urlTemplate":"https:\/\/canadianbearings.com\/fr\/?s={search_term_string}"},"query-input":{"@type":"PropertyValueSpecification","valueRequired":true,"valueName":"search_term_string"}}],"inLanguage":"fr-FR"},{"@type":"Organization","@id":"https:\/\/canadianbearings.com\/fr\/#organization","name":"Canadian Bearings","url":"https:\/\/canadianbearings.com\/fr\/","logo":{"@type":"ImageObject","inLanguage":"fr-FR","@id":"https:\/\/canadianbearings.com\/fr\/#\/schema\/logo\/image\/","url":"https:\/\/canadianbearings.com\/wp-content\/uploads\/2024\/06\/cb-logo-tagline-website-FR.svg","contentUrl":"https:\/\/canadianbearings.com\/wp-content\/uploads\/2024\/06\/cb-logo-tagline-website-FR.svg","caption":"Canadian Bearings"},"image":{"@id":"https:\/\/canadianbearings.com\/fr\/#\/schema\/logo\/image\/"}}]}},"_links":{"self":[{"href":"https:\/\/canadianbearings.com\/fr\/wp-json\/wp\/v2\/pages\/2325","targetHints":{"allow":["GET"]}}],"collection":[{"href":"https:\/\/canadianbearings.com\/fr\/wp-json\/wp\/v2\/pages"}],"about":[{"href":"https:\/\/canadianbearings.com\/fr\/wp-json\/wp\/v2\/types\/page"}],"author":[{"embeddable":true,"href":"https:\/\/canadianbearings.com\/fr\/wp-json\/wp\/v2\/users\/2"}],"replies":[{"embeddable":true,"href":"https:\/\/canadianbearings.com\/fr\/wp-json\/wp\/v2\/comments?post=2325"}],"version-history":[{"count":0,"href":"https:\/\/canadianbearings.com\/fr\/wp-json\/wp\/v2\/pages\/2325\/revisions"}],"wp:attachment":[{"href":"https:\/\/canadianbearings.com\/fr\/wp-json\/wp\/v2\/media?parent=2325"}],"curies":[{"name":"wp","href":"https:\/\/api.w.org\/{rel}","templated":true}]}}