{"id":2326,"date":"2024-09-18T19:46:05","date_gmt":"2024-09-18T19:46:05","guid":{"rendered":"https:\/\/canadianbearings.com\/case-studies\/"},"modified":"2026-02-23T18:32:55","modified_gmt":"2026-02-23T18:32:55","slug":"case-studies","status":"publish","type":"page","link":"https:\/\/canadianbearings.com\/fr\/about-us\/case-studies\/","title":{"rendered":"Cas d&rsquo;\u00e9tudes"},"content":{"rendered":"\t\t<div data-elementor-type=\"wp-page\" data-elementor-id=\"2326\" class=\"elementor elementor-2326 elementor-1676\" data-elementor-post-type=\"page\">\n\t\t\t\t<div class=\"elementor-element elementor-element-fe35986 e-flex e-con-boxed e-con e-parent\" data-id=\"fe35986\" data-element_type=\"container\" data-e-type=\"container\" data-settings=\"{&quot;background_background&quot;:&quot;classic&quot;}\">\n\t\t\t\t\t<div class=\"e-con-inner\">\n\t\t<div class=\"elementor-element elementor-element-2b971beb e-grid e-con-full e-con e-child\" data-id=\"2b971beb\" data-element_type=\"container\" data-e-type=\"container\">\n\t\t<div class=\"elementor-element elementor-element-a4b587 e-flex e-con-boxed e-con e-child\" data-id=\"a4b587\" data-element_type=\"container\" data-e-type=\"container\">\n\t\t\t\t\t<div class=\"e-con-inner\">\n\t\t<div class=\"elementor-element elementor-element-54d4263a e-flex e-con-boxed e-con e-child\" data-id=\"54d4263a\" data-element_type=\"container\" data-e-type=\"container\">\n\t\t\t\t\t<div class=\"e-con-inner\">\n\t\t\t\t<div class=\"elementor-element elementor-element-31f31f8c elementor-widget elementor-widget-text-editor\" data-id=\"31f31f8c\" data-element_type=\"widget\" data-e-type=\"widget\" data-widget_type=\"text-editor.default\">\n\t\t\t\t<div class=\"elementor-widget-container\">\n\t\t\t\t\t\t\t\t\t<p><div class=\"breadcrumbbox\"><span><span><a href=\"https:\/\/canadianbearings.com\/fr\/\">Accueil<\/a><\/span><\/span><\/div><\/p>\n\t\t\t\t\t\t\t\t<\/div>\n\t\t\t\t<\/div>\n\t\t\t\t\t<\/div>\n\t\t\t\t<\/div>\n\t\t\t\t<div class=\"elementor-element elementor-element-452f71 elementor-widget elementor-widget-heading\" data-id=\"452f71\" data-element_type=\"widget\" data-e-type=\"widget\" data-widget_type=\"heading.default\">\n\t\t\t\t<div class=\"elementor-widget-container\">\n\t\t\t\t\t<h2 class=\"elementor-heading-title elementor-size-default\">Cas d'\u00e9tudes<\/h2>\t\t\t\t<\/div>\n\t\t\t\t<\/div>\n\t\t\t\t<div class=\"elementor-element elementor-element-5c4919c4 elementor-widget elementor-widget-text-editor\" data-id=\"5c4919c4\" data-element_type=\"widget\" data-e-type=\"widget\" data-widget_type=\"text-editor.default\">\n\t\t\t\t<div class=\"elementor-widget-container\">\n\t\t\t\t\t\t\t\t\t<p>CB s\u2019engage \u00e0 partager des solutions concr\u00e8tes \u00e0 travers des \u00e9tudes de cas, mettant en valeur notre expertise et notre engagement \u00e0 offrir de la valeur dans divers secteurs d\u2019activit\u00e9.<\/p>\t\t\t\t\t\t\t\t<\/div>\n\t\t\t\t<\/div>\n\t\t\t\t\t<\/div>\n\t\t\t\t<\/div>\n\t\t<div class=\"elementor-element elementor-element-52f031dc e-con-full e-flex e-con e-child\" data-id=\"52f031dc\" data-element_type=\"container\" data-e-type=\"container\">\n\t\t\t\t<\/div>\n\t\t\t\t<\/div>\n\t\t\t\t\t<\/div>\n\t\t\t\t<\/div>\n\t\t<div class=\"elementor-element elementor-element-58d9acb e-flex e-con-boxed e-con e-parent\" data-id=\"58d9acb\" data-element_type=\"container\" data-e-type=\"container\">\n\t\t\t\t\t<div class=\"e-con-inner\">\n\t\t\t\t<div class=\"elementor-element elementor-element-5c8d40e elementor-grid-3 elementor-grid-tablet-2 elementor-grid-mobile-1 elementor-posts--thumbnail-top elementor-card-shadow-yes elementor-posts__hover-gradient elementor-widget elementor-widget-posts\" data-id=\"5c8d40e\" data-element_type=\"widget\" data-e-type=\"widget\" data-settings=\"{&quot;cards_columns&quot;:&quot;3&quot;,&quot;cards_columns_tablet&quot;:&quot;2&quot;,&quot;cards_columns_mobile&quot;:&quot;1&quot;,&quot;cards_row_gap&quot;:{&quot;unit&quot;:&quot;px&quot;,&quot;size&quot;:35,&quot;sizes&quot;:[]},&quot;cards_row_gap_tablet&quot;:{&quot;unit&quot;:&quot;px&quot;,&quot;size&quot;:&quot;&quot;,&quot;sizes&quot;:[]},&quot;cards_row_gap_mobile&quot;:{&quot;unit&quot;:&quot;px&quot;,&quot;size&quot;:&quot;&quot;,&quot;sizes&quot;:[]}}\" data-widget_type=\"posts.cards\">\n\t\t\t\t<div class=\"elementor-widget-container\">\n\t\t\t\t\t\t\t<div class=\"elementor-posts-container elementor-posts elementor-posts--skin-cards elementor-grid\" role=\"list\">\n\t\t\t\t<article class=\"elementor-post elementor-grid-item post-2404 case-study type-case-study status-publish has-post-thumbnail hentry case-study-category-category1-fr\" role=\"listitem\">\n\t\t\t<div class=\"elementor-post__card\">\n\t\t\t\t<a class=\"elementor-post__thumbnail__link\" href=\"https:\/\/canadianbearings.com\/fr\/case-study\/streamlining-mro-inventory-for-efficiency-and-savings-cb\/\" tabindex=\"-1\" ><div class=\"elementor-post__thumbnail\"><img fetchpriority=\"high\" decoding=\"async\" width=\"300\" height=\"200\" src=\"https:\/\/canadianbearings.com\/wp-content\/uploads\/2024\/09\/iStock-2149683802-300x200.jpg\" class=\"attachment-medium size-medium wp-image-3908\" alt=\"\" srcset=\"https:\/\/canadianbearings.com\/wp-content\/uploads\/2024\/09\/iStock-2149683802-300x200.jpg 300w, https:\/\/canadianbearings.com\/wp-content\/uploads\/2024\/09\/iStock-2149683802-1024x681.jpg 1024w, https:\/\/canadianbearings.com\/wp-content\/uploads\/2024\/09\/iStock-2149683802-768x511.jpg 768w, https:\/\/canadianbearings.com\/wp-content\/uploads\/2024\/09\/iStock-2149683802-1536x1022.jpg 1536w, https:\/\/canadianbearings.com\/wp-content\/uploads\/2024\/09\/iStock-2149683802-2048x1363.jpg 2048w\" sizes=\"(max-width: 300px) 100vw, 300px\" \/><\/div><\/a>\n\t\t\t\t<div class=\"elementor-post__text\">\n\t\t\t\t<h3 class=\"elementor-post__title\">\n\t\t\t<a href=\"https:\/\/canadianbearings.com\/fr\/case-study\/streamlining-mro-inventory-for-efficiency-and-savings-cb\/\" >\n\t\t\t\tTransformer la gestion des stocks : le parcours d&rsquo;un important fabricant de produits alimentaires vers l&rsquo;efficacit\u00e9 et les \u00e9conomies\t\t\t<\/a>\n\t\t<\/h3>\n\t\t\t\t<div class=\"elementor-post__excerpt\">\n\t\t\t<p>\u00c9tude de cas | Un fabricant alimentaire de premier plan Cette entreprise agroalimentaire renomm\u00e9e, qui compte plus de 17 000 employ\u00e9s et un chiffre d&rsquo;affaires<\/p>\n\t\t<\/div>\n\t\t\n\t\t<a class=\"elementor-post__read-more\" href=\"https:\/\/canadianbearings.com\/fr\/case-study\/streamlining-mro-inventory-for-efficiency-and-savings-cb\/\" aria-label=\"En savoir plus sur Transformer la gestion des stocks : le parcours d&rsquo;un important fabricant de produits alimentaires vers l&rsquo;efficacit\u00e9 et les \u00e9conomies\" tabindex=\"-1\" >\n\t\t\tLire plus \"\t\t<\/a>\n\n\t\t\t\t<\/div>\n\t\t\t\t\t<\/div>\n\t\t<\/article>\n\t\t\t\t<article class=\"elementor-post elementor-grid-item post-2403 case-study type-case-study status-publish has-post-thumbnail hentry case-study-category-category1-fr\" role=\"listitem\">\n\t\t\t<div class=\"elementor-post__card\">\n\t\t\t\t<a class=\"elementor-post__thumbnail__link\" href=\"https:\/\/canadianbearings.com\/fr\/case-study\/constructing-modernized-sawmill-a-digital-leap-forward-in-lumber-industry-operations\/\" tabindex=\"-1\" ><div class=\"elementor-post__thumbnail\"><img decoding=\"async\" width=\"300\" height=\"200\" src=\"https:\/\/canadianbearings.com\/wp-content\/uploads\/2024\/09\/iStock-1184976056-300x200.jpg\" class=\"attachment-medium size-medium wp-image-3906\" alt=\"\" srcset=\"https:\/\/canadianbearings.com\/wp-content\/uploads\/2024\/09\/iStock-1184976056-300x200.jpg 300w, https:\/\/canadianbearings.com\/wp-content\/uploads\/2024\/09\/iStock-1184976056-1024x684.jpg 1024w, https:\/\/canadianbearings.com\/wp-content\/uploads\/2024\/09\/iStock-1184976056-768x513.jpg 768w, https:\/\/canadianbearings.com\/wp-content\/uploads\/2024\/09\/iStock-1184976056-1536x1025.jpg 1536w, https:\/\/canadianbearings.com\/wp-content\/uploads\/2024\/09\/iStock-1184976056-2048x1367.jpg 2048w\" sizes=\"(max-width: 300px) 100vw, 300px\" \/><\/div><\/a>\n\t\t\t\t<div class=\"elementor-post__text\">\n\t\t\t\t<h3 class=\"elementor-post__title\">\n\t\t\t<a href=\"https:\/\/canadianbearings.com\/fr\/case-study\/constructing-modernized-sawmill-a-digital-leap-forward-in-lumber-industry-operations\/\" >\n\t\t\t\tConstruction d&rsquo;une scierie modernis\u00e9e : un bond en avant num\u00e9rique dans les op\u00e9rations de l&rsquo;industrie foresti\u00e8re\t\t\t<\/a>\n\t\t<\/h3>\n\t\t\t\t<div class=\"elementor-post__excerpt\">\n\t\t\t<p>\u00c9tude de cas | Une scierie avec un h\u00e9ritage de longue date Cette scierie qu\u00e9b\u00e9coise, pilier de sa communaut\u00e9 depuis plus de 30 ans, a<\/p>\n\t\t<\/div>\n\t\t\n\t\t<a class=\"elementor-post__read-more\" href=\"https:\/\/canadianbearings.com\/fr\/case-study\/constructing-modernized-sawmill-a-digital-leap-forward-in-lumber-industry-operations\/\" aria-label=\"En savoir plus sur Construction d&rsquo;une scierie modernis\u00e9e : un bond en avant num\u00e9rique dans les op\u00e9rations de l&rsquo;industrie foresti\u00e8re\" tabindex=\"-1\" >\n\t\t\tLire plus \"\t\t<\/a>\n\n\t\t\t\t<\/div>\n\t\t\t\t\t<\/div>\n\t\t<\/article>\n\t\t\t\t<\/div>\n\t\t\n\t\t\t\t\t\t<\/div>\n\t\t\t\t<\/div>\n\t\t\t\t\t<\/div>\n\t\t\t\t<\/div>\n\t\t\t\t<\/div>\n\t\t","protected":false},"excerpt":{"rendered":"<p>Cas d&rsquo;\u00e9tudes CB s\u2019engage \u00e0 partager des solutions concr\u00e8tes \u00e0 travers des \u00e9tudes de cas, mettant en valeur notre expertise et notre engagement \u00e0 offrir de la valeur dans divers secteurs d\u2019activit\u00e9.<\/p>\n","protected":false},"author":2,"featured_media":0,"parent":2369,"menu_order":0,"comment_status":"closed","ping_status":"closed","template":"","meta":{"_acf_changed":false,"content-type":"","inline_featured_image":false,"footnotes":""},"class_list":["post-2326","page","type-page","status-publish","hentry"],"acf":[],"yoast_head":"<!-- This site is optimized with the Yoast SEO plugin v27.1.1 - https:\/\/yoast.com\/product\/yoast-seo-wordpress\/ -->\n<title>Cas d&#039;\u00e9tudes | R\u00e9seau CB<\/title>\n<meta name=\"robots\" content=\"index, follow, max-snippet:-1, max-image-preview:large, max-video-preview:-1\" \/>\n<link rel=\"canonical\" href=\"https:\/\/canadianbearings.com\/fr\/about-us\/case-studies\/\" \/>\n<meta property=\"og:locale\" content=\"fr_FR\" \/>\n<meta property=\"og:type\" content=\"article\" \/>\n<meta property=\"og:title\" content=\"Cas d&#039;\u00e9tudes | R\u00e9seau CB\" \/>\n<meta property=\"og:description\" content=\"Cas d&rsquo;\u00e9tudes CB s\u2019engage \u00e0 partager des solutions concr\u00e8tes \u00e0 travers des \u00e9tudes de cas, mettant en valeur notre expertise et notre engagement \u00e0 offrir de la valeur dans divers secteurs d\u2019activit\u00e9.\" \/>\n<meta property=\"og:url\" content=\"https:\/\/canadianbearings.com\/fr\/about-us\/case-studies\/\" \/>\n<meta property=\"og:site_name\" content=\"Canadian Bearings\" \/>\n<meta property=\"article:modified_time\" content=\"2026-02-23T18:32:55+00:00\" \/>\n<meta name=\"twitter:card\" content=\"summary_large_image\" \/>\n<meta name=\"twitter:label1\" content=\"Est. reading time\" \/>\n\t<meta name=\"twitter:data1\" content=\"1 minute\" \/>\n<script type=\"application\/ld+json\" class=\"yoast-schema-graph\">{\"@context\":\"https:\/\/schema.org\",\"@graph\":[{\"@type\":\"WebPage\",\"@id\":\"https:\/\/canadianbearings.com\/fr\/about-us\/case-studies\/\",\"url\":\"https:\/\/canadianbearings.com\/fr\/about-us\/case-studies\/\",\"name\":\"Cas d'\u00e9tudes | R\u00e9seau CB\",\"isPartOf\":{\"@id\":\"https:\/\/canadianbearings.com\/fr\/#website\"},\"datePublished\":\"2024-09-18T19:46:05+00:00\",\"dateModified\":\"2026-02-23T18:32:55+00:00\",\"breadcrumb\":{\"@id\":\"https:\/\/canadianbearings.com\/fr\/about-us\/case-studies\/#breadcrumb\"},\"inLanguage\":\"fr-FR\",\"potentialAction\":[{\"@type\":\"ReadAction\",\"target\":[\"https:\/\/canadianbearings.com\/fr\/about-us\/case-studies\/\"]}]},{\"@type\":\"BreadcrumbList\",\"@id\":\"https:\/\/canadianbearings.com\/fr\/about-us\/case-studies\/#breadcrumb\",\"itemListElement\":[{\"@type\":\"ListItem\",\"position\":1,\"name\":\"Accueil\",\"item\":\"https:\/\/canadianbearings.com\/fr\/\"},{\"@type\":\"ListItem\",\"position\":2,\"name\":\"\u00c0 propos de nous\",\"item\":\"https:\/\/canadianbearings.com\/fr\/about-us\/\"},{\"@type\":\"ListItem\",\"position\":3,\"name\":\"Cas d&#8217;\u00e9tudes\"}]},{\"@type\":\"WebSite\",\"@id\":\"https:\/\/canadianbearings.com\/fr\/#website\",\"url\":\"https:\/\/canadianbearings.com\/fr\/\",\"name\":\"Canadian Bearings\",\"description\":\"\",\"publisher\":{\"@id\":\"https:\/\/canadianbearings.com\/fr\/#organization\"},\"potentialAction\":[{\"@type\":\"SearchAction\",\"target\":{\"@type\":\"EntryPoint\",\"urlTemplate\":\"https:\/\/canadianbearings.com\/fr\/?s={search_term_string}\"},\"query-input\":{\"@type\":\"PropertyValueSpecification\",\"valueRequired\":true,\"valueName\":\"search_term_string\"}}],\"inLanguage\":\"fr-FR\"},{\"@type\":\"Organization\",\"@id\":\"https:\/\/canadianbearings.com\/fr\/#organization\",\"name\":\"Canadian Bearings\",\"url\":\"https:\/\/canadianbearings.com\/fr\/\",\"logo\":{\"@type\":\"ImageObject\",\"inLanguage\":\"fr-FR\",\"@id\":\"https:\/\/canadianbearings.com\/fr\/#\/schema\/logo\/image\/\",\"url\":\"https:\/\/canadianbearings.com\/wp-content\/uploads\/2024\/06\/cb-logo-tagline-website-FR.svg\",\"contentUrl\":\"https:\/\/canadianbearings.com\/wp-content\/uploads\/2024\/06\/cb-logo-tagline-website-FR.svg\",\"caption\":\"Canadian Bearings\"},\"image\":{\"@id\":\"https:\/\/canadianbearings.com\/fr\/#\/schema\/logo\/image\/\"}}]}<\/script>\n<!-- \/ Yoast SEO plugin. -->","yoast_head_json":{"title":"Cas d'\u00e9tudes | R\u00e9seau CB","robots":{"index":"index","follow":"follow","max-snippet":"max-snippet:-1","max-image-preview":"max-image-preview:large","max-video-preview":"max-video-preview:-1"},"canonical":"https:\/\/canadianbearings.com\/fr\/about-us\/case-studies\/","og_locale":"fr_FR","og_type":"article","og_title":"Cas d'\u00e9tudes | R\u00e9seau CB","og_description":"Cas d&rsquo;\u00e9tudes CB s\u2019engage \u00e0 partager des solutions concr\u00e8tes \u00e0 travers des \u00e9tudes de cas, mettant en valeur notre expertise et notre engagement \u00e0 offrir de la valeur dans divers secteurs d\u2019activit\u00e9.","og_url":"https:\/\/canadianbearings.com\/fr\/about-us\/case-studies\/","og_site_name":"Canadian Bearings","article_modified_time":"2026-02-23T18:32:55+00:00","twitter_card":"summary_large_image","twitter_misc":{"Est. reading time":"1 minute"},"schema":{"@context":"https:\/\/schema.org","@graph":[{"@type":"WebPage","@id":"https:\/\/canadianbearings.com\/fr\/about-us\/case-studies\/","url":"https:\/\/canadianbearings.com\/fr\/about-us\/case-studies\/","name":"Cas d'\u00e9tudes | R\u00e9seau CB","isPartOf":{"@id":"https:\/\/canadianbearings.com\/fr\/#website"},"datePublished":"2024-09-18T19:46:05+00:00","dateModified":"2026-02-23T18:32:55+00:00","breadcrumb":{"@id":"https:\/\/canadianbearings.com\/fr\/about-us\/case-studies\/#breadcrumb"},"inLanguage":"fr-FR","potentialAction":[{"@type":"ReadAction","target":["https:\/\/canadianbearings.com\/fr\/about-us\/case-studies\/"]}]},{"@type":"BreadcrumbList","@id":"https:\/\/canadianbearings.com\/fr\/about-us\/case-studies\/#breadcrumb","itemListElement":[{"@type":"ListItem","position":1,"name":"Accueil","item":"https:\/\/canadianbearings.com\/fr\/"},{"@type":"ListItem","position":2,"name":"\u00c0 propos de nous","item":"https:\/\/canadianbearings.com\/fr\/about-us\/"},{"@type":"ListItem","position":3,"name":"Cas d&#8217;\u00e9tudes"}]},{"@type":"WebSite","@id":"https:\/\/canadianbearings.com\/fr\/#website","url":"https:\/\/canadianbearings.com\/fr\/","name":"Canadian Bearings","description":"","publisher":{"@id":"https:\/\/canadianbearings.com\/fr\/#organization"},"potentialAction":[{"@type":"SearchAction","target":{"@type":"EntryPoint","urlTemplate":"https:\/\/canadianbearings.com\/fr\/?s={search_term_string}"},"query-input":{"@type":"PropertyValueSpecification","valueRequired":true,"valueName":"search_term_string"}}],"inLanguage":"fr-FR"},{"@type":"Organization","@id":"https:\/\/canadianbearings.com\/fr\/#organization","name":"Canadian Bearings","url":"https:\/\/canadianbearings.com\/fr\/","logo":{"@type":"ImageObject","inLanguage":"fr-FR","@id":"https:\/\/canadianbearings.com\/fr\/#\/schema\/logo\/image\/","url":"https:\/\/canadianbearings.com\/wp-content\/uploads\/2024\/06\/cb-logo-tagline-website-FR.svg","contentUrl":"https:\/\/canadianbearings.com\/wp-content\/uploads\/2024\/06\/cb-logo-tagline-website-FR.svg","caption":"Canadian Bearings"},"image":{"@id":"https:\/\/canadianbearings.com\/fr\/#\/schema\/logo\/image\/"}}]}},"_links":{"self":[{"href":"https:\/\/canadianbearings.com\/fr\/wp-json\/wp\/v2\/pages\/2326","targetHints":{"allow":["GET"]}}],"collection":[{"href":"https:\/\/canadianbearings.com\/fr\/wp-json\/wp\/v2\/pages"}],"about":[{"href":"https:\/\/canadianbearings.com\/fr\/wp-json\/wp\/v2\/types\/page"}],"author":[{"embeddable":true,"href":"https:\/\/canadianbearings.com\/fr\/wp-json\/wp\/v2\/users\/2"}],"replies":[{"embeddable":true,"href":"https:\/\/canadianbearings.com\/fr\/wp-json\/wp\/v2\/comments?post=2326"}],"version-history":[{"count":0,"href":"https:\/\/canadianbearings.com\/fr\/wp-json\/wp\/v2\/pages\/2326\/revisions"}],"up":[{"embeddable":true,"href":"https:\/\/canadianbearings.com\/fr\/wp-json\/wp\/v2\/pages\/2369"}],"wp:attachment":[{"href":"https:\/\/canadianbearings.com\/fr\/wp-json\/wp\/v2\/media?parent=2326"}],"curies":[{"name":"wp","href":"https:\/\/api.w.org\/{rel}","templated":true}]}}